{"id":5324,"date":"2022-02-17T16:02:46","date_gmt":"2022-02-17T16:02:46","guid":{"rendered":"http:\/\/luwix.powersquall.com\/?page_id=5324"},"modified":"2024-08-16T16:36:40","modified_gmt":"2024-08-16T13:36:40","slug":"contact","status":"publish","type":"page","link":"https:\/\/www.estefamous.com\/en\/contact\/","title":{"rendered":"Contact"},"content":{"rendered":"\t\t<div data-elementor-type=\"wp-page\" data-elementor-id=\"5324\" class=\"elementor elementor-5324\">\n\t\t\t\t\t\t<section class=\"elementor-section elementor-top-section elementor-element elementor-element-a785ade elementor-section-boxed elementor-section-height-default elementor-section-height-default\" data-id=\"a785ade\" data-element_type=\"section\">\n\t\t\t\t\t\t<div class=\"elementor-container elementor-column-gap-default\">\n\t\t\t\t\t<div class=\"elementor-column elementor-col-100 elementor-top-column elementor-element elementor-element-fae88ed\" data-id=\"fae88ed\" data-element_type=\"column\">\n\t\t\t<div class=\"elementor-widget-wrap elementor-element-populated\">\n\t\t\t\t\t\t<section class=\"elementor-section elementor-inner-section elementor-element elementor-element-74c7245 elementor-section-content-middle elementor-section-boxed elementor-section-height-default elementor-section-height-default\" data-id=\"74c7245\" data-element_type=\"section\">\n\t\t\t\t\t\t<div class=\"elementor-container elementor-column-gap-default\">\n\t\t\t\t\t<div class=\"elementor-column elementor-col-100 elementor-inner-column elementor-element elementor-element-f0bf24f\" data-id=\"f0bf24f\" data-element_type=\"column\">\n\t\t\t<div class=\"elementor-widget-wrap elementor-element-populated\">\n\t\t\t\t\t\t<div class=\"elementor-element elementor-element-1b282d3 elementor-widget elementor-widget-section_title\" data-id=\"1b282d3\" data-element_type=\"widget\" data-widget_type=\"section_title.default\">\n\t\t\t\t<div class=\"elementor-widget-container\">\n\t\t\t\t\t<div class=\"sub_title-1 section-title text-center\">\r\n\t\t\t\t\t\t\t<span class=\"title-tagline\">CONTACT US<\/span>\r\n\t\t\t\t\t\t<h2 class=\"main-title\">Our Contact Information<\/h2>\r\n\t\t\t\t\t<\/div>\r\n\t\t\t<\/div>\n\t\t\t\t<\/div>\n\t\t\t\t<div class=\"elementor-element elementor-element-2f145d4 elementor-widget elementor-widget-text-editor\" data-id=\"2f145d4\" data-element_type=\"widget\" data-widget_type=\"text-editor.default\">\n\t\t\t\t<div class=\"elementor-widget-container\">\n\t\t\t<style>\/*! elementor - v3.21.0 - 08-05-2024 *\/\n.elementor-widget-text-editor.elementor-drop-cap-view-stacked .elementor-drop-cap{background-color:#69727d;color:#fff}.elementor-widget-text-editor.elementor-drop-cap-view-framed .elementor-drop-cap{color:#69727d;border:3px solid;background-color:transparent}.elementor-widget-text-editor:not(.elementor-drop-cap-view-default) .elementor-drop-cap{margin-top:8px}.elementor-widget-text-editor:not(.elementor-drop-cap-view-default) .elementor-drop-cap-letter{width:1em;height:1em}.elementor-widget-text-editor .elementor-drop-cap{float:left;text-align:center;line-height:1;font-size:50px}.elementor-widget-text-editor .elementor-drop-cap-letter{display:inline-block}<\/style>\t\t\t\t<p>If you have any questions, we would appreciate you contacting us! We respond as soon as possible!<\/p>\t\t\t\t\t\t<\/div>\n\t\t\t\t<\/div>\n\t\t\t\t\t<\/div>\n\t\t<\/div>\n\t\t\t\t\t<\/div>\n\t\t<\/section>\n\t\t\t\t<section class=\"elementor-section elementor-inner-section elementor-element elementor-element-ab7f782 elementor-section-boxed elementor-section-height-default elementor-section-height-default\" data-id=\"ab7f782\" data-element_type=\"section\">\n\t\t\t\t\t\t<div class=\"elementor-container elementor-column-gap-default\">\n\t\t\t\t\t<div class=\"elementor-column elementor-col-50 elementor-inner-column elementor-element elementor-element-d5c518a\" data-id=\"d5c518a\" data-element_type=\"column\" data-settings=\"{&quot;background_background&quot;:&quot;classic&quot;}\">\n\t\t\t<div class=\"elementor-widget-wrap elementor-element-populated\">\n\t\t\t\t<div class=\"elementor-element elementor-element-e363fbb e-flex e-con-boxed e-con e-parent\" data-id=\"e363fbb\" data-element_type=\"container\">\n\t\t\t\t\t<div class=\"e-con-inner\">\n\t\t<div class=\"elementor-element elementor-element-d290537 e-con-full e-flex e-con e-child\" data-id=\"d290537\" data-element_type=\"container\">\n\t\t\t\t<div class=\"elementor-element elementor-element-447aa3f elementor-widget elementor-widget-info_box\" data-id=\"447aa3f\" data-element_type=\"widget\" data-widget_type=\"info_box.default\">\n\t\t\t\t<div class=\"elementor-widget-container\">\n\t\t\t\t\t<div class=\"feature-box style-flat icon-left \">\r\n\t\t\t\t\t\t<div class=\"feature-icon\"><i aria-hidden=\"true\" class=\"fas fa-star\"><\/i><\/div>\r\n\t\t\t            <div class=\"feature-info\">\r\n\t\t\t\t              \t\t<h5 class=\"title\">Phone<\/h5>\r\n\t\t\t\t              \t\t<p>+90 532 622 73 90\n\n\n\n<\/p>\r\n\t\t\t\t\t\t\t\t            <\/div>\r\n        <\/div>\r\n\t\t\t\t<\/div>\n\t\t\t\t<\/div>\n\t\t\t\t<div class=\"elementor-element elementor-element-440a9ae elementor-widget elementor-widget-info_box\" data-id=\"440a9ae\" data-element_type=\"widget\" data-widget_type=\"info_box.default\">\n\t\t\t\t<div class=\"elementor-widget-container\">\n\t\t\t\t\t<div class=\"feature-box style-flat icon-left \">\r\n\t\t\t\t\t\t<div class=\"feature-icon\"><i aria-hidden=\"true\" class=\"fas fa-star\"><\/i><\/div>\r\n\t\t\t            <div class=\"feature-info\">\r\n\t\t\t\t              \t\t<h5 class=\"title\">Phone<\/h5>\r\n\t\t\t\t              \t\t<p>+90 533 276 40 25<\/p>\r\n\t\t\t\t\t\t\t\t            <\/div>\r\n        <\/div>\r\n\t\t\t\t<\/div>\n\t\t\t\t<\/div>\n\t\t\t\t<div class=\"elementor-element elementor-element-6524907 elementor-widget elementor-widget-info_box\" data-id=\"6524907\" data-element_type=\"widget\" data-widget_type=\"info_box.default\">\n\t\t\t\t<div class=\"elementor-widget-container\">\n\t\t\t\t\t<div class=\"feature-box style-flat icon-left \">\r\n\t\t\t\t\t\t<div class=\"feature-icon\"><i aria-hidden=\"true\" class=\"fas fa-star\"><\/i><\/div>\r\n\t\t\t            <div class=\"feature-info\">\r\n\t\t\t\t              \t\t<h5 class=\"title\">Phone<\/h5>\r\n\t\t\t\t              \t\t<p>\n\n+90 532 157 48 86\n\n\n<\/p>\r\n\t\t\t\t\t\t\t\t            <\/div>\r\n        <\/div>\r\n\t\t\t\t<\/div>\n\t\t\t\t<\/div>\n\t\t\t\t<div class=\"elementor-element elementor-element-ce7d8c6 elementor-widget elementor-widget-info_box\" data-id=\"ce7d8c6\" data-element_type=\"widget\" data-widget_type=\"info_box.default\">\n\t\t\t\t<div class=\"elementor-widget-container\">\n\t\t\t\t\t<div class=\"feature-box style-flat icon-left \">\r\n\t\t\t\t\t\t<div class=\"feature-icon\"><i aria-hidden=\"true\" class=\"fas fa-star\"><\/i><\/div>\r\n\t\t\t            <div class=\"feature-info\">\r\n\t\t\t\t              \t\t<h5 class=\"title\">E-Mail<\/h5>\r\n\t\t\t\t              \t\t<p>info@estefamous.com <\/p>\r\n\t\t\t\t\t\t\t\t            <\/div>\r\n        <\/div>\r\n\t\t\t\t<\/div>\n\t\t\t\t<\/div>\n\t\t\t\t<div class=\"elementor-element elementor-element-66baed0 elementor-widget elementor-widget-info_box\" data-id=\"66baed0\" data-element_type=\"widget\" data-widget_type=\"info_box.default\">\n\t\t\t\t<div class=\"elementor-widget-container\">\n\t\t\t\t\t<div class=\"feature-box style-flat icon-left \">\r\n\t\t\t\t\t\t<div class=\"feature-icon\"><i aria-hidden=\"true\" class=\"fas fa-star\"><\/i><\/div>\r\n\t\t\t            <div class=\"feature-info\">\r\n\t\t\t\t              \t\t<h5 class=\"title\">Address<\/h5>\r\n\t\t\t\t              \t\t<p>Te\u015fvikiye Mah. \u015eakay\u0131k Sk. No:62\/5 \u015ei\u015fli\/\u0130stanbul\n<\/p>\r\n\t\t\t\t\t\t\t\t            <\/div>\r\n        <\/div>\r\n\t\t\t\t<\/div>\n\t\t\t\t<\/div>\n\t\t\t\t<\/div>\n\t\t\t\t\t<\/div>\n\t\t\t\t<\/div>\n\t\t\t\t\t<\/div>\n\t\t<\/div>\n\t\t\t\t<div class=\"elementor-column elementor-col-50 elementor-inner-column elementor-element elementor-element-1ce0b50\" data-id=\"1ce0b50\" data-element_type=\"column\" data-settings=\"{&quot;background_background&quot;:&quot;classic&quot;}\">\n\t\t\t<div class=\"elementor-widget-wrap elementor-element-populated\">\n\t\t\t\t\t\t<div class=\"elementor-element elementor-element-83cd6ce elementor-widget elementor-widget-google_maps\" data-id=\"83cd6ce\" data-element_type=\"widget\" data-widget_type=\"google_maps.default\">\n\t\t\t\t<div class=\"elementor-widget-container\">\n\t\t\t<style>\/*! elementor - v3.21.0 - 08-05-2024 *\/\n.elementor-widget-google_maps .elementor-widget-container{overflow:hidden}.elementor-widget-google_maps .elementor-custom-embed{line-height:0}.elementor-widget-google_maps iframe{height:300px}<\/style>\t\t<div class=\"elementor-custom-embed\">\n\t\t\t<iframe loading=\"lazy\"\n\t\t\t\t\tsrc=\"https:\/\/maps.google.com\/maps?q=%20Te%C5%9Fvikiye%20Mah.%20%C5%9Eakay%C4%B1k%20Sk.%20No%3A62%2F5%20%C5%9Ei%C5%9Fli%2F%C4%B0stanbul&#038;t=m&#038;z=18&#038;output=embed&#038;iwloc=near\"\n\t\t\t\t\ttitle=\" Te\u015fvikiye Mah. \u015eakay\u0131k Sk. No:62\/5 \u015ei\u015fli\/\u0130stanbul\"\n\t\t\t\t\taria-label=\" Te\u015fvikiye Mah. \u015eakay\u0131k Sk. No:62\/5 \u015ei\u015fli\/\u0130stanbul\"\n\t\t\t><\/iframe>\n\t\t<\/div>\n\t\t\t\t<\/div>\n\t\t\t\t<\/div>\n\t\t\t\t\t<\/div>\n\t\t<\/div>\n\t\t\t\t\t<\/div>\n\t\t<\/section>\n\t\t\t\t\t<\/div>\n\t\t<\/div>\n\t\t\t\t\t<\/div>\n\t\t<\/section>\n\t\t\t\t<section class=\"elementor-section elementor-top-section elementor-element elementor-element-36ffca2 elementor-section-boxed elementor-section-height-default elementor-section-height-default\" data-id=\"36ffca2\" data-element_type=\"section\">\n\t\t\t\t\t\t\t<div class=\"elementor-background-overlay\"><\/div>\n\t\t\t\t\t\t\t<div class=\"elementor-container elementor-column-gap-default\">\n\t\t\t\t\t<div class=\"elementor-column elementor-col-50 elementor-top-column elementor-element elementor-element-2fc709d\" data-id=\"2fc709d\" data-element_type=\"column\">\n\t\t\t<div class=\"elementor-widget-wrap elementor-element-populated\">\n\t\t\t\t\t\t<div class=\"elementor-element elementor-element-e57f851 elementor-widget elementor-widget-section_title\" data-id=\"e57f851\" data-element_type=\"widget\" data-widget_type=\"section_title.default\">\n\t\t\t\t<div class=\"elementor-widget-container\">\n\t\t\t\t\t<div class=\"sub_title-1 section-title text-left\">\r\n\t\t\t\t\t\t\t<span class=\"title-tagline\">Contact us<\/span>\r\n\t\t\t\t\t\t<h3 class=\"main-title\">Send Message Now<\/h3>\r\n\t\t\t\t\t<\/div>\r\n\t\t\t<\/div>\n\t\t\t\t<\/div>\n\t\t\t\t<div class=\"elementor-element elementor-element-0c55f22 elementor-widget elementor-widget-text-editor\" data-id=\"0c55f22\" data-element_type=\"widget\" data-widget_type=\"text-editor.default\">\n\t\t\t\t<div class=\"elementor-widget-container\">\n\t\t\t\t\t\t\t<p>We are always ready to help. There are many ways to reach us. You can leave us a message, call or email us.<\/p>\t\t\t\t\t\t<\/div>\n\t\t\t\t<\/div>\n\t\t\t\t\t<\/div>\n\t\t<\/div>\n\t\t\t\t<div class=\"elementor-column elementor-col-50 elementor-top-column elementor-element elementor-element-b084ff5\" data-id=\"b084ff5\" data-element_type=\"column\">\n\t\t\t<div class=\"elementor-widget-wrap elementor-element-populated\">\n\t\t\t\t\t\t<div class=\"elementor-element elementor-element-dd33ce6 form-style-box-shadow elementor-widget elementor-widget-shortcode\" data-id=\"dd33ce6\" data-element_type=\"widget\" data-widget_type=\"shortcode.default\">\n\t\t\t\t<div class=\"elementor-widget-container\">\n\t\t\t\t\t<div class=\"elementor-shortcode\">\n<div class=\"wpcf7 no-js\" id=\"wpcf7-f8470-o1\" lang=\"tr-TR\" dir=\"ltr\">\n<div class=\"screen-reader-response\"><p role=\"status\" aria-live=\"polite\" aria-atomic=\"true\"><\/p> <ul><\/ul><\/div>\n<form action=\"\/en\/wp-json\/wp\/v2\/pages\/5324#wpcf7-f8470-o1\" method=\"post\" class=\"wpcf7-form init\" aria-label=\"Contact form\" novalidate=\"novalidate\" data-status=\"init\">\n<div style=\"display: none;\">\n<input type=\"hidden\" name=\"_wpcf7\" value=\"8470\" \/>\n<input type=\"hidden\" name=\"_wpcf7_version\" value=\"5.9.4\" \/>\n<input type=\"hidden\" name=\"_wpcf7_locale\" value=\"tr_TR\" \/>\n<input type=\"hidden\" name=\"_wpcf7_unit_tag\" value=\"wpcf7-f8470-o1\" \/>\n<input type=\"hidden\" name=\"_wpcf7_container_post\" value=\"0\" \/>\n<input type=\"hidden\" name=\"_wpcf7_posted_data_hash\" value=\"\" \/>\n<\/div>\n<div class=\"wpcf7-response-output\" aria-hidden=\"true\"><\/div>\n<div class=\"row\">\n\t<div class=\"col-sm-6\">\n\t\t<p><span class=\"wpcf7-form-control-wrap\" data-name=\"your-name\"><input size=\"40\" class=\"wpcf7-form-control wpcf7-text wpcf7-validates-as-required form-control\" aria-required=\"true\" aria-invalid=\"false\" placeholder=\"Name Surname*\" value=\"\" type=\"text\" name=\"your-name\" \/><\/span>\n\t\t<\/p>\n\t<\/div>\n\t<div class=\"col-sm-6\">\n\t\t<p><span class=\"wpcf7-form-control-wrap\" data-name=\"your-email\"><input size=\"40\" class=\"wpcf7-form-control wpcf7-email wpcf7-text wpcf7-validates-as-email form-control\" aria-invalid=\"false\" placeholder=\"E-Mail*\" value=\"\" type=\"email\" name=\"your-email\" \/><\/span>\n\t\t<\/p>\n\t<\/div>\n\t<div class=\"col-sm-6\">\n\t\t<p><span class=\"wpcf7-form-control-wrap\" data-name=\"your-phone\"><input size=\"40\" class=\"wpcf7-form-control wpcf7-text wpcf7-validates-as-required form-control\" aria-required=\"true\" aria-invalid=\"false\" placeholder=\"Phone*\" value=\"\" type=\"text\" name=\"your-phone\" \/><\/span>\n\t\t<\/p>\n\t<\/div>\n\t<div class=\"col-sm-6\">\n\t\t<p><span class=\"wpcf7-form-control-wrap\" data-name=\"your-subject\"><input size=\"40\" class=\"wpcf7-form-control wpcf7-text form-control\" aria-invalid=\"false\" placeholder=\"Subject*\" value=\"\" type=\"text\" name=\"your-subject\" \/><\/span>\n\t\t<\/p>\n\t<\/div>\n\t<div class=\"col-sm-12\">\n\t\t<p><span class=\"wpcf7-form-control-wrap\" data-name=\"your-message\"><textarea cols=\"30\" rows=\"5\" class=\"wpcf7-form-control wpcf7-textarea form-control\" aria-invalid=\"false\" placeholder=\"How can we help? Don&#039;t hesitate to get in touch!\" name=\"your-message\"><\/textarea><\/span>\n\t\t<\/p>\n\t<\/div>\n\t<div class=\"col-sm-4 mb-0\">\n\t\t<p><input class=\"wpcf7-form-control wpcf7-submit has-spinner\" type=\"submit\" value=\"SEND MESSAGE\" \/>\n\t\t<\/p>\n\t<\/div>\n\t<div class=\"col-sm-8\">\n\t\t<p><span class=\"wpcf7-form-control-wrap\" data-name=\"acceptance-623\"><span class=\"wpcf7-form-control wpcf7-acceptance\"><span class=\"wpcf7-list-item\"><label><input type=\"checkbox\" name=\"acceptance-623\" value=\"1\" aria-invalid=\"false\" \/><span class=\"wpcf7-list-item-label\">\"I have read and accept the <a href=\"https:\/\/www.estefamous.com\/en\/privacy-policy\/\" target=\"_blank\">Privacy Policy.<\/a>\"<\/span><\/label><\/span><\/span><\/span>\n\t\t<\/p>\n\t<\/div>\n<\/div>\n<\/form>\n<\/div>\n<\/div>\n\t\t\t\t<\/div>\n\t\t\t\t<\/div>\n\t\t\t\t\t<\/div>\n\t\t<\/div>\n\t\t\t\t\t<\/div>\n\t\t<\/section>\n\t\t\t\t<\/div>\n\t\t","protected":false},"excerpt":{"rendered":"<p>CONTACT US Our Contact Information If you have any questions, we would appreciate you contacting us! We respond as soon as possible! Phone +90 532 622 73 90 Phone +90 533 276 40 25 Phone +90 532 157 48 86 E-Mail info@estefamous.com Address Te\u015fvikiye Mah. \u015eakay\u0131k Sk. No:62\/5 \u015ei\u015fli\/\u0130stanbul Contact us Send Message Now We [&hellip;]<\/p>\n","protected":false},"author":1,"featured_media":0,"parent":0,"menu_order":0,"comment_status":"closed","ping_status":"closed","template":"elementor_header_footer","meta":{"_acf_changed":false,"footnotes":""},"class_list":["post-5324","page","type-page","status-publish","hentry"],"acf":[],"_links":{"self":[{"href":"https:\/\/www.estefamous.com\/en\/wp-json\/wp\/v2\/pages\/5324","targetHints":{"allow":["GET"]}}],"collection":[{"href":"https:\/\/www.estefamous.com\/en\/wp-json\/wp\/v2\/pages"}],"about":[{"href":"https:\/\/www.estefamous.com\/en\/wp-json\/wp\/v2\/types\/page"}],"author":[{"embeddable":true,"href":"https:\/\/www.estefamous.com\/en\/wp-json\/wp\/v2\/users\/1"}],"replies":[{"embeddable":true,"href":"https:\/\/www.estefamous.com\/en\/wp-json\/wp\/v2\/comments?post=5324"}],"version-history":[{"count":69,"href":"https:\/\/www.estefamous.com\/en\/wp-json\/wp\/v2\/pages\/5324\/revisions"}],"predecessor-version":[{"id":9271,"href":"https:\/\/www.estefamous.com\/en\/wp-json\/wp\/v2\/pages\/5324\/revisions\/9271"}],"wp:attachment":[{"href":"https:\/\/www.estefamous.com\/en\/wp-json\/wp\/v2\/media?parent=5324"}],"curies":[{"name":"wp","href":"https:\/\/api.w.org\/{rel}","templated":true}]}}